{"id":42,"date":"2021-05-19T13:37:29","date_gmt":"2021-05-19T13:37:29","guid":{"rendered":"https:\/\/media-group.eu\/?page_id=42"},"modified":"2021-06-14T10:15:16","modified_gmt":"2021-06-14T10:15:16","slug":"produits-crees-mediagroup","status":"publish","type":"page","link":"https:\/\/media-group.eu\/?page_id=42","title":{"rendered":"Produits cr\u00e9\u00e9s"},"content":{"rendered":"\t\t<div data-elementor-type=\"wp-page\" data-elementor-id=\"42\" class=\"elementor elementor-42\">\n\t\t\t\t\t\t\t\t\t<header class=\"elementor-section elementor-top-section elementor-element elementor-element-1572a4f9 elementor-section-full_width elementor-section-stretched elementor-section-height-full elementor-section-height-default elementor-section-items-middle\" data-id=\"1572a4f9\" data-element_type=\"section\" data-settings=\"{&quot;background_background&quot;:&quot;classic&quot;,&quot;stretch_section&quot;:&quot;section-stretched&quot;}\">\n\t\t\t\t\t\t\t<div class=\"elementor-background-overlay\"><\/div>\n\t\t\t\t\t\t\t<div class=\"elementor-container elementor-column-gap-default\">\n\t\t\t\t\t<div class=\"elementor-column elementor-col-100 elementor-top-column elementor-element elementor-element-76041e0f\" data-id=\"76041e0f\" data-element_type=\"column\">\n\t\t\t<div class=\"elementor-widget-wrap elementor-element-populated\">\n\t\t\t\t\t\t\t\t<div class=\"elementor-element elementor-element-635c211a elementor-widget elementor-widget-elementskit-heading\" data-id=\"635c211a\" data-element_type=\"widget\" data-widget_type=\"elementskit-heading.default\">\n\t\t\t\t<div class=\"elementor-widget-container\">\n\t\t\t<div class=\"ekit-wid-con\" ><div class=\"ekit-heading elementskit-section-title-wraper center   ekit_heading_tablet-   ekit_heading_mobile-text_left\"><h2 class=\"ekit-heading--title elementskit-section-title \">Produits cr\u00e9\u00e9s<\/h2>\t\t\t\t<div class='ekit-heading__description'>\n\t\t\t\t\t<p>MediaGroup fabrique \u00e9galement ses propres produits<\/p>\n\t\t\t\t<\/div>\n\t\t\t<\/div><\/div>\t\t<\/div>\n\t\t\t\t<\/div>\n\t\t\t\t\t<\/div>\n\t\t<\/div>\n\t\t\t\t\t\t\t<\/div>\n\t\t<\/header>\n\t\t\t\t<section class=\"elementor-section elementor-top-section elementor-element elementor-element-776a930d elementor-section-boxed elementor-section-height-default elementor-section-height-default\" data-id=\"776a930d\" data-element_type=\"section\">\n\t\t\t\t\t\t<div class=\"elementor-container elementor-column-gap-default\">\n\t\t\t\t\t<div class=\"elementor-column elementor-col-100 elementor-top-column elementor-element elementor-element-a49f663\" data-id=\"a49f663\" data-element_type=\"column\">\n\t\t\t<div class=\"elementor-widget-wrap elementor-element-populated\">\n\t\t\t\t\t\t\t\t<section class=\"elementor-section elementor-inner-section elementor-element elementor-element-15755a58 elementor-section-boxed elementor-section-height-default elementor-section-height-default\" data-id=\"15755a58\" data-element_type=\"section\" data-settings=\"{&quot;background_background&quot;:&quot;gradient&quot;}\">\n\t\t\t\t\t\t\t<div class=\"elementor-background-overlay\"><\/div>\n\t\t\t\t\t\t\t<div class=\"elementor-container elementor-column-gap-default\">\n\t\t\t\t\t<div class=\"elementor-column elementor-col-50 elementor-inner-column elementor-element elementor-element-72206fbe\" data-id=\"72206fbe\" data-element_type=\"column\">\n\t\t\t<div class=\"elementor-widget-wrap elementor-element-populated\">\n\t\t\t\t\t\t\t\t<div class=\"elementor-element elementor-element-7a86381b elementor-widget elementor-widget-elementskit-heading\" data-id=\"7a86381b\" data-element_type=\"widget\" data-widget_type=\"elementskit-heading.default\">\n\t\t\t\t<div class=\"elementor-widget-container\">\n\t\t\t<div class=\"ekit-wid-con\" ><div class=\"ekit-heading elementskit-section-title-wraper text_left   ekit_heading_tablet-   ekit_heading_mobile-\"><div class=\"ekit_heading_separetor_wraper ekit_heading_elementskit-border-divider ekit-dotted\"><div class=\"elementskit-border-divider ekit-dotted\"><\/div><\/div><h3 class=\"elementskit-section-subtitle  \">\n\t\t\t\t\t\tBobines\n\t\t\t\t\t<\/h3>\t\t\t\t<div class='ekit-heading__description'>\n\t\t\t\t\t<p><span style=\"font-weight: 400\">MediaGroup vous propose une large gamme de bobines de livraison et de bobines d\u2019atelier :<\/span><\/p>\n<p><span style=\"font-weight: 400\">Flasque en ABS, PEHD, PA ; charg\u00e9 fibre de verre ou pas ; f\u00fbt carton, PVC ou m\u00e9tallique...<\/span><\/p>\n<p><span style=\"font-weight: 400\">Suivant vos besoins, nous pouvons \u00e9galement les r\u00e9aliser sur-mesure.<\/span><\/p>\n\t\t\t\t<\/div>\n\t\t\t<\/div><\/div>\t\t<\/div>\n\t\t\t\t<\/div>\n\t\t\t\t<div class=\"elementor-element elementor-element-fdf2885 elementor-widget elementor-widget-elementskit-button\" data-id=\"fdf2885\" data-element_type=\"widget\" data-widget_type=\"elementskit-button.default\">\n\t\t\t\t<div class=\"elementor-widget-container\">\n\t\t\t<div class=\"ekit-wid-con\" >\t\t<div class=\"ekit-btn-wraper\">\n\t\t\t\t\t\t\t<a href=\"https:\/\/documentcloud.adobe.com\/link\/review?uri=urn:aaid:scds:US:2e98fc01-67ca-4fa2-bb22-1ce9670ac8b4\" target=\"_blank\" class=\"elementskit-btn  whitespace--normal\" >\n\t\t\t\t\t\n\t\t\t\t\t\n\t\t\t\t\tVoir le catalogue\t\t\t\t<\/a>\n\t\t\t\t\t\t<\/div>\n        <\/div>\t\t<\/div>\n\t\t\t\t<\/div>\n\t\t\t\t\t<\/div>\n\t\t<\/div>\n\t\t\t\t<div class=\"elementor-column elementor-col-50 elementor-inner-column elementor-element elementor-element-1af4a557\" data-id=\"1af4a557\" data-element_type=\"column\">\n\t\t\t<div class=\"elementor-widget-wrap elementor-element-populated\">\n\t\t\t\t\t\t\t\t<div class=\"elementor-element elementor-element-b2915cc elementor-widget elementor-widget-image\" data-id=\"b2915cc\" data-element_type=\"widget\" data-widget_type=\"image.default\">\n\t\t\t\t<div class=\"elementor-widget-container\">\n\t\t\t\t\t\t\t\t\t\t\t\t\t\t\t<img fetchpriority=\"high\" decoding=\"async\" width=\"1024\" height=\"835\" src=\"https:\/\/media-group.eu\/wp-content\/uploads\/2021\/05\/bobine-min-1-1024x835.png\" class=\"attachment-large size-large wp-image-105\" alt=\"bobines\" srcset=\"https:\/\/media-group.eu\/wp-content\/uploads\/2021\/05\/bobine-min-1-1024x835.png 1024w, https:\/\/media-group.eu\/wp-content\/uploads\/2021\/05\/bobine-min-1-300x245.png 300w, https:\/\/media-group.eu\/wp-content\/uploads\/2021\/05\/bobine-min-1-768x626.png 768w, https:\/\/media-group.eu\/wp-content\/uploads\/2021\/05\/bobine-min-1-1536x1253.png 1536w, https:\/\/media-group.eu\/wp-content\/uploads\/2021\/05\/bobine-min-1.png 1856w\" sizes=\"(max-width: 1024px) 100vw, 1024px\" \/>\t\t\t\t\t\t\t\t\t\t\t\t\t\t\t<\/div>\n\t\t\t\t<\/div>\n\t\t\t\t\t<\/div>\n\t\t<\/div>\n\t\t\t\t\t\t\t<\/div>\n\t\t<\/section>\n\t\t\t\t<div class=\"elementor-element elementor-element-d9e11af elementor-widget elementor-widget-spacer\" data-id=\"d9e11af\" data-element_type=\"widget\" data-widget_type=\"spacer.default\">\n\t\t\t\t<div class=\"elementor-widget-container\">\n\t\t\t\t\t<div class=\"elementor-spacer\">\n\t\t\t<div class=\"elementor-spacer-inner\"><\/div>\n\t\t<\/div>\n\t\t\t\t<\/div>\n\t\t\t\t<\/div>\n\t\t\t\t<section class=\"elementor-section elementor-inner-section elementor-element elementor-element-2c17771 elementor-section-boxed elementor-section-height-default elementor-section-height-default\" data-id=\"2c17771\" data-element_type=\"section\" data-settings=\"{&quot;background_background&quot;:&quot;gradient&quot;}\">\n\t\t\t\t\t\t\t<div class=\"elementor-background-overlay\"><\/div>\n\t\t\t\t\t\t\t<div class=\"elementor-container elementor-column-gap-default\">\n\t\t\t\t\t<div class=\"elementor-column elementor-col-50 elementor-inner-column elementor-element elementor-element-0a10cb6\" data-id=\"0a10cb6\" data-element_type=\"column\">\n\t\t\t<div class=\"elementor-widget-wrap elementor-element-populated\">\n\t\t\t\t\t\t\t\t<div class=\"elementor-element elementor-element-bf395de elementor-widget elementor-widget-image\" data-id=\"bf395de\" data-element_type=\"widget\" data-widget_type=\"image.default\">\n\t\t\t\t<div class=\"elementor-widget-container\">\n\t\t\t\t\t\t\t\t\t\t\t\t\t\t\t<img decoding=\"async\" width=\"284\" height=\"300\" src=\"https:\/\/media-group.eu\/wp-content\/uploads\/2021\/05\/brosstar-1-min_optimized-284x300.png\" class=\"attachment-medium size-medium wp-image-106\" alt=\"Brosstar\" srcset=\"https:\/\/media-group.eu\/wp-content\/uploads\/2021\/05\/brosstar-1-min_optimized-284x300.png 284w, https:\/\/media-group.eu\/wp-content\/uploads\/2021\/05\/brosstar-1-min_optimized-971x1024.png 971w, https:\/\/media-group.eu\/wp-content\/uploads\/2021\/05\/brosstar-1-min_optimized-768x810.png 768w, https:\/\/media-group.eu\/wp-content\/uploads\/2021\/05\/brosstar-1-min_optimized-1456x1536.png 1456w, https:\/\/media-group.eu\/wp-content\/uploads\/2021\/05\/brosstar-1-min_optimized-1941x2048.png 1941w\" sizes=\"(max-width: 284px) 100vw, 284px\" \/>\t\t\t\t\t\t\t\t\t\t\t\t\t\t\t<\/div>\n\t\t\t\t<\/div>\n\t\t\t\t\t<\/div>\n\t\t<\/div>\n\t\t\t\t<div class=\"elementor-column elementor-col-50 elementor-inner-column elementor-element elementor-element-6b5dd93\" data-id=\"6b5dd93\" data-element_type=\"column\">\n\t\t\t<div class=\"elementor-widget-wrap elementor-element-populated\">\n\t\t\t\t\t\t\t\t<div class=\"elementor-element elementor-element-ffff4b7 elementor-widget elementor-widget-elementskit-heading\" data-id=\"ffff4b7\" data-element_type=\"widget\" data-widget_type=\"elementskit-heading.default\">\n\t\t\t\t<div class=\"elementor-widget-container\">\n\t\t\t<div class=\"ekit-wid-con\" ><div class=\"ekit-heading elementskit-section-title-wraper text_left   ekit_heading_tablet-   ekit_heading_mobile-\"><div class=\"ekit_heading_separetor_wraper ekit_heading_elementskit-border-divider ekit-dotted\"><div class=\"elementskit-border-divider ekit-dotted\"><\/div><\/div><h3 class=\"elementskit-section-subtitle  \">\n\t\t\t\t\t\tBrosstar\n\t\t\t\t\t<\/h3>\t\t\t\t<div class='ekit-heading__description'>\n\t\t\t\t\t<p><span style=\"font-weight: 400\">Brosstar est une brosse d\u2019aspirateur qui s\u2019adapte sur n\u2019importe quel tuyau. Invent\u00e9e par un Fran\u00e7ais et prim\u00e9e au concours L\u00e9pine en 1998, elle b\u00e9n\u00e9ficie d\u2019un succ\u00e8s certain. Brosstar est seulement vendu sur les salons, foires, march\u00e9s ind\u00e9pendants.<\/span><\/p>\n\t\t\t\t<\/div>\n\t\t\t<\/div><\/div>\t\t<\/div>\n\t\t\t\t<\/div>\n\t\t\t\t<div class=\"elementor-element elementor-element-467411a elementor-widget elementor-widget-elementskit-button\" data-id=\"467411a\" data-element_type=\"widget\" data-widget_type=\"elementskit-button.default\">\n\t\t\t\t<div class=\"elementor-widget-container\">\n\t\t\t<div class=\"ekit-wid-con\" >\t\t<div class=\"ekit-btn-wraper\">\n\t\t\t\t\t\t\t<a href=\"http:\/\/www.brosstar.fr\" target=\"_blank\" class=\"elementskit-btn  whitespace--normal\" >\n\t\t\t\t\t\n\t\t\t\t\t\n\t\t\t\t\t\u00c0 venir\t\t\t\t<\/a>\n\t\t\t\t\t\t<\/div>\n        <\/div>\t\t<\/div>\n\t\t\t\t<\/div>\n\t\t\t\t\t<\/div>\n\t\t<\/div>\n\t\t\t\t\t\t\t<\/div>\n\t\t<\/section>\n\t\t\t\t<div class=\"elementor-element elementor-element-4359b45 elementor-widget elementor-widget-spacer\" data-id=\"4359b45\" data-element_type=\"widget\" data-widget_type=\"spacer.default\">\n\t\t\t\t<div class=\"elementor-widget-container\">\n\t\t\t\t\t<div class=\"elementor-spacer\">\n\t\t\t<div class=\"elementor-spacer-inner\"><\/div>\n\t\t<\/div>\n\t\t\t\t<\/div>\n\t\t\t\t<\/div>\n\t\t\t\t<section class=\"elementor-section elementor-inner-section elementor-element elementor-element-b07ff34 elementor-section-boxed elementor-section-height-default elementor-section-height-default\" data-id=\"b07ff34\" data-element_type=\"section\" data-settings=\"{&quot;background_background&quot;:&quot;gradient&quot;}\">\n\t\t\t\t\t\t\t<div class=\"elementor-background-overlay\"><\/div>\n\t\t\t\t\t\t\t<div class=\"elementor-container elementor-column-gap-default\">\n\t\t\t\t\t<div class=\"elementor-column elementor-col-50 elementor-inner-column elementor-element elementor-element-ee650ec\" data-id=\"ee650ec\" data-element_type=\"column\">\n\t\t\t<div class=\"elementor-widget-wrap elementor-element-populated\">\n\t\t\t\t\t\t\t\t<div class=\"elementor-element elementor-element-98c0e18 elementor-widget elementor-widget-elementskit-heading\" data-id=\"98c0e18\" data-element_type=\"widget\" data-widget_type=\"elementskit-heading.default\">\n\t\t\t\t<div class=\"elementor-widget-container\">\n\t\t\t<div class=\"ekit-wid-con\" ><div class=\"ekit-heading elementskit-section-title-wraper text_left   ekit_heading_tablet-   ekit_heading_mobile-\"><div class=\"ekit_heading_separetor_wraper ekit_heading_elementskit-border-divider ekit-dotted\"><div class=\"elementskit-border-divider ekit-dotted\"><\/div><\/div><h3 class=\"elementskit-section-subtitle  \">\n\t\t\t\t\t\tTuiles\n\t\t\t\t\t<\/h3>\t\t\t\t<div class='ekit-heading__description'>\n\t\t\t\t\t<p><span style=\"font-weight: 400\">Cr\u00e9\u00e9es par MediaGroup et commercialis\u00e9es par le groupe CDM Union, les tuiles Akro-Toit \u00e9liminent les contraintes majeures rencontr\u00e9es avec les autres syst\u00e8mes de toiture.<\/span><\/p>\n<p><span style=\"font-weight: 400\">M\u00e9daille d'or au concours L\u00e9pine de 2007 et nouvelle g\u00e9n\u00e9ration, leurs performances sont in\u00e9gal\u00e9es et respectent l\u2019environnement : <\/span><span style=\"font-weight: 400\">de fabrication fran\u00e7aise, 100% recycl\u00e9e et recyclable, l\u00e9g\u00e8re, anticyclonique et r\u00e9sistante, elles sont sans entretien, adapt\u00e9es aux faibles pentes et \u00e0 toutes zones g\u00e9ographiques.<\/span><\/p>\n\t\t\t\t<\/div>\n\t\t\t<\/div><\/div>\t\t<\/div>\n\t\t\t\t<\/div>\n\t\t\t\t<div class=\"elementor-element elementor-element-29ed30b elementor-widget elementor-widget-elementskit-button\" data-id=\"29ed30b\" data-element_type=\"widget\" data-widget_type=\"elementskit-button.default\">\n\t\t\t\t<div class=\"elementor-widget-container\">\n\t\t\t<div class=\"ekit-wid-con\" >\t\t<div class=\"ekit-btn-wraper\">\n\t\t\t\t\t\t\t<a href=\"https:\/\/akro-toit.com\/\" target=\"_blank\" class=\"elementskit-btn  whitespace--normal\" >\n\t\t\t\t\t\n\t\t\t\t\t\n\t\t\t\t\tAkro-Toit\t\t\t\t<\/a>\n\t\t\t\t\t\t<\/div>\n        <\/div>\t\t<\/div>\n\t\t\t\t<\/div>\n\t\t\t\t\t<\/div>\n\t\t<\/div>\n\t\t\t\t<div class=\"elementor-column elementor-col-50 elementor-inner-column elementor-element elementor-element-470c13e\" data-id=\"470c13e\" data-element_type=\"column\">\n\t\t\t<div class=\"elementor-widget-wrap elementor-element-populated\">\n\t\t\t\t\t\t\t\t<div class=\"elementor-element elementor-element-59e5246 elementor-widget elementor-widget-image\" data-id=\"59e5246\" data-element_type=\"widget\" data-widget_type=\"image.default\">\n\t\t\t\t<div class=\"elementor-widget-container\">\n\t\t\t\t\t\t\t\t\t\t\t\t\t\t\t<img decoding=\"async\" width=\"217\" height=\"300\" src=\"https:\/\/media-group.eu\/wp-content\/uploads\/2021\/05\/tuile-217x300.png\" class=\"attachment-medium size-medium wp-image-107\" alt=\"tuile\" srcset=\"https:\/\/media-group.eu\/wp-content\/uploads\/2021\/05\/tuile-217x300.png 217w, https:\/\/media-group.eu\/wp-content\/uploads\/2021\/05\/tuile-740x1024.png 740w, https:\/\/media-group.eu\/wp-content\/uploads\/2021\/05\/tuile-768x1063.png 768w, https:\/\/media-group.eu\/wp-content\/uploads\/2021\/05\/tuile-1109x1536.png 1109w, https:\/\/media-group.eu\/wp-content\/uploads\/2021\/05\/tuile.png 1300w\" sizes=\"(max-width: 217px) 100vw, 217px\" \/>\t\t\t\t\t\t\t\t\t\t\t\t\t\t\t<\/div>\n\t\t\t\t<\/div>\n\t\t\t\t\t<\/div>\n\t\t<\/div>\n\t\t\t\t\t\t\t<\/div>\n\t\t<\/section>\n\t\t\t\t\t<\/div>\n\t\t<\/div>\n\t\t\t\t\t\t\t<\/div>\n\t\t<\/section>\n\t\t\t\t\t\t\t<\/div>\n\t\t","protected":false},"excerpt":{"rendered":"<p>Produits cr\u00e9\u00e9s MediaGroup fabrique \u00e9galement ses propres produits Bobines MediaGroup vous propose une large gamme de bobines de livraison et de bobines d\u2019atelier : Flasque en ABS, PEHD, PA ; charg\u00e9 fibre de verre ou pas ; f\u00fbt carton, PVC ou m\u00e9tallique&#8230; Suivant vos besoins, nous pouvons \u00e9galement les r\u00e9aliser sur-mesure. Voir le catalogue Brosstar&hellip;&nbsp;<a href=\"https:\/\/media-group.eu\/?page_id=42\" class=\"\" rel=\"bookmark\">Lire la suite &raquo;<span class=\"screen-reader-text\">Produits cr\u00e9\u00e9s<\/span><\/a><\/p>\n","protected":false},"author":1,"featured_media":0,"parent":0,"menu_order":0,"comment_status":"closed","ping_status":"closed","template":"page-templates\/template-pagebuilder-full-width.php","meta":{"neve_meta_sidebar":"full-width","neve_meta_container":"","neve_meta_enable_content_width":"on","neve_meta_content_width":100,"neve_meta_title_alignment":"","neve_meta_author_avatar":"","neve_post_elements_order":"","neve_meta_disable_header":"","neve_meta_disable_footer":"","neve_meta_disable_title":"","footnotes":""},"class_list":["post-42","page","type-page","status-publish","hentry"],"yoast_head":"<!-- This site is optimized with the Yoast SEO plugin v21.7 - https:\/\/yoast.com\/wordpress\/plugins\/seo\/ -->\n<title>Produits cr\u00e9\u00e9s - M\u00e9diaGroup - L&#039;injection en action !<\/title>\n<meta name=\"description\" content=\"D\u00e9couvrez les produits cr\u00e9\u00e9s par MediaGroup : une large gamme de bobines, la brosse d&#039;aspirateur Brosstar et des tuiles Akro-Toit.\" \/>\n<meta name=\"robots\" content=\"index, follow, max-snippet:-1, max-image-preview:large, max-video-preview:-1\" \/>\n<link rel=\"canonical\" href=\"https:\/\/media-group.eu\/?page_id=42\" \/>\n<meta property=\"og:locale\" content=\"fr_FR\" \/>\n<meta property=\"og:type\" content=\"article\" \/>\n<meta property=\"og:title\" content=\"Produits cr\u00e9\u00e9s - M\u00e9diaGroup - L&#039;injection en action !\" \/>\n<meta property=\"og:description\" content=\"D\u00e9couvrez les produits cr\u00e9\u00e9s par MediaGroup : une large gamme de bobines, la brosse d&#039;aspirateur Brosstar et des tuiles Akro-Toit.\" \/>\n<meta property=\"og:url\" content=\"https:\/\/media-group.eu\/?page_id=42\" \/>\n<meta property=\"og:site_name\" content=\"M\u00e9diaGroup\" \/>\n<meta property=\"article:modified_time\" content=\"2021-06-14T10:15:16+00:00\" \/>\n<meta property=\"og:image\" content=\"https:\/\/media-group.eu\/wp-content\/uploads\/2021\/05\/bobine-min-1-1024x835.png\" \/>\n<meta name=\"twitter:card\" content=\"summary_large_image\" \/>\n<meta name=\"twitter:label1\" content=\"Dur\u00e9e de lecture estim\u00e9e\" \/>\n\t<meta name=\"twitter:data1\" content=\"2 minutes\" \/>\n<script type=\"application\/ld+json\" class=\"yoast-schema-graph\">{\"@context\":\"https:\/\/schema.org\",\"@graph\":[{\"@type\":\"WebPage\",\"@id\":\"https:\/\/media-group.eu\/?page_id=42\",\"url\":\"https:\/\/media-group.eu\/?page_id=42\",\"name\":\"Produits cr\u00e9\u00e9s - M\u00e9diaGroup - L'injection en action !\",\"isPartOf\":{\"@id\":\"https:\/\/media-group.eu\/#website\"},\"datePublished\":\"2021-05-19T13:37:29+00:00\",\"dateModified\":\"2021-06-14T10:15:16+00:00\",\"description\":\"D\u00e9couvrez les produits cr\u00e9\u00e9s par MediaGroup : une large gamme de bobines, la brosse d'aspirateur Brosstar et des tuiles Akro-Toit.\",\"breadcrumb\":{\"@id\":\"https:\/\/media-group.eu\/?page_id=42#breadcrumb\"},\"inLanguage\":\"fr-FR\",\"potentialAction\":[{\"@type\":\"ReadAction\",\"target\":[\"https:\/\/media-group.eu\/?page_id=42\"]}]},{\"@type\":\"BreadcrumbList\",\"@id\":\"https:\/\/media-group.eu\/?page_id=42#breadcrumb\",\"itemListElement\":[{\"@type\":\"ListItem\",\"position\":1,\"name\":\"Accueil\",\"item\":\"https:\/\/media-group.eu\/\"},{\"@type\":\"ListItem\",\"position\":2,\"name\":\"Produits cr\u00e9\u00e9s\"}]},{\"@type\":\"WebSite\",\"@id\":\"https:\/\/media-group.eu\/#website\",\"url\":\"https:\/\/media-group.eu\/\",\"name\":\"M\u00e9diaGroup\",\"description\":\"L&#039;injection en action\",\"publisher\":{\"@id\":\"https:\/\/media-group.eu\/#organization\"},\"potentialAction\":[{\"@type\":\"SearchAction\",\"target\":{\"@type\":\"EntryPoint\",\"urlTemplate\":\"https:\/\/media-group.eu\/?s={search_term_string}\"},\"query-input\":\"required name=search_term_string\"}],\"inLanguage\":\"fr-FR\"},{\"@type\":\"Organization\",\"@id\":\"https:\/\/media-group.eu\/#organization\",\"name\":\"M\u00e9diaGroup\",\"url\":\"https:\/\/media-group.eu\/\",\"logo\":{\"@type\":\"ImageObject\",\"inLanguage\":\"fr-FR\",\"@id\":\"https:\/\/media-group.eu\/#\/schema\/logo\/image\/\",\"url\":\"https:\/\/media-group.eu\/wp-content\/uploads\/2021\/05\/LOGO-MEDIAGROUP-COULEURS.png\",\"contentUrl\":\"https:\/\/media-group.eu\/wp-content\/uploads\/2021\/05\/LOGO-MEDIAGROUP-COULEURS.png\",\"width\":1228,\"height\":282,\"caption\":\"M\u00e9diaGroup\"},\"image\":{\"@id\":\"https:\/\/media-group.eu\/#\/schema\/logo\/image\/\"}}]}<\/script>\n<!-- \/ Yoast SEO plugin. -->","yoast_head_json":{"title":"Produits cr\u00e9\u00e9s - M\u00e9diaGroup - L'injection en action !","description":"D\u00e9couvrez les produits cr\u00e9\u00e9s par MediaGroup : une large gamme de bobines, la brosse d'aspirateur Brosstar et des tuiles Akro-Toit.","robots":{"index":"index","follow":"follow","max-snippet":"max-snippet:-1","max-image-preview":"max-image-preview:large","max-video-preview":"max-video-preview:-1"},"canonical":"https:\/\/media-group.eu\/?page_id=42","og_locale":"fr_FR","og_type":"article","og_title":"Produits cr\u00e9\u00e9s - M\u00e9diaGroup - L'injection en action !","og_description":"D\u00e9couvrez les produits cr\u00e9\u00e9s par MediaGroup : une large gamme de bobines, la brosse d'aspirateur Brosstar et des tuiles Akro-Toit.","og_url":"https:\/\/media-group.eu\/?page_id=42","og_site_name":"M\u00e9diaGroup","article_modified_time":"2021-06-14T10:15:16+00:00","og_image":[{"url":"https:\/\/media-group.eu\/wp-content\/uploads\/2021\/05\/bobine-min-1-1024x835.png"}],"twitter_card":"summary_large_image","twitter_misc":{"Dur\u00e9e de lecture estim\u00e9e":"2 minutes"},"schema":{"@context":"https:\/\/schema.org","@graph":[{"@type":"WebPage","@id":"https:\/\/media-group.eu\/?page_id=42","url":"https:\/\/media-group.eu\/?page_id=42","name":"Produits cr\u00e9\u00e9s - M\u00e9diaGroup - L'injection en action !","isPartOf":{"@id":"https:\/\/media-group.eu\/#website"},"datePublished":"2021-05-19T13:37:29+00:00","dateModified":"2021-06-14T10:15:16+00:00","description":"D\u00e9couvrez les produits cr\u00e9\u00e9s par MediaGroup : une large gamme de bobines, la brosse d'aspirateur Brosstar et des tuiles Akro-Toit.","breadcrumb":{"@id":"https:\/\/media-group.eu\/?page_id=42#breadcrumb"},"inLanguage":"fr-FR","potentialAction":[{"@type":"ReadAction","target":["https:\/\/media-group.eu\/?page_id=42"]}]},{"@type":"BreadcrumbList","@id":"https:\/\/media-group.eu\/?page_id=42#breadcrumb","itemListElement":[{"@type":"ListItem","position":1,"name":"Accueil","item":"https:\/\/media-group.eu\/"},{"@type":"ListItem","position":2,"name":"Produits cr\u00e9\u00e9s"}]},{"@type":"WebSite","@id":"https:\/\/media-group.eu\/#website","url":"https:\/\/media-group.eu\/","name":"M\u00e9diaGroup","description":"L&#039;injection en action","publisher":{"@id":"https:\/\/media-group.eu\/#organization"},"potentialAction":[{"@type":"SearchAction","target":{"@type":"EntryPoint","urlTemplate":"https:\/\/media-group.eu\/?s={search_term_string}"},"query-input":"required name=search_term_string"}],"inLanguage":"fr-FR"},{"@type":"Organization","@id":"https:\/\/media-group.eu\/#organization","name":"M\u00e9diaGroup","url":"https:\/\/media-group.eu\/","logo":{"@type":"ImageObject","inLanguage":"fr-FR","@id":"https:\/\/media-group.eu\/#\/schema\/logo\/image\/","url":"https:\/\/media-group.eu\/wp-content\/uploads\/2021\/05\/LOGO-MEDIAGROUP-COULEURS.png","contentUrl":"https:\/\/media-group.eu\/wp-content\/uploads\/2021\/05\/LOGO-MEDIAGROUP-COULEURS.png","width":1228,"height":282,"caption":"M\u00e9diaGroup"},"image":{"@id":"https:\/\/media-group.eu\/#\/schema\/logo\/image\/"}}]}},"_links":{"self":[{"href":"https:\/\/media-group.eu\/index.php?rest_route=\/wp\/v2\/pages\/42","targetHints":{"allow":["GET"]}}],"collection":[{"href":"https:\/\/media-group.eu\/index.php?rest_route=\/wp\/v2\/pages"}],"about":[{"href":"https:\/\/media-group.eu\/index.php?rest_route=\/wp\/v2\/types\/page"}],"author":[{"embeddable":true,"href":"https:\/\/media-group.eu\/index.php?rest_route=\/wp\/v2\/users\/1"}],"replies":[{"embeddable":true,"href":"https:\/\/media-group.eu\/index.php?rest_route=%2Fwp%2Fv2%2Fcomments&post=42"}],"version-history":[{"count":86,"href":"https:\/\/media-group.eu\/index.php?rest_route=\/wp\/v2\/pages\/42\/revisions"}],"predecessor-version":[{"id":1596,"href":"https:\/\/media-group.eu\/index.php?rest_route=\/wp\/v2\/pages\/42\/revisions\/1596"}],"wp:attachment":[{"href":"https:\/\/media-group.eu\/index.php?rest_route=%2Fwp%2Fv2%2Fmedia&parent=42"}],"curies":[{"name":"wp","href":"https:\/\/api.w.org\/{rel}","templated":true}]}}